{"id":1850,"date":"2026-03-19T13:20:52","date_gmt":"2026-03-19T12:20:52","guid":{"rendered":"https:\/\/greenandcraft.com\/?page_id=1850"},"modified":"2026-03-23T14:34:59","modified_gmt":"2026-03-23T13:34:59","slug":"accompagnement","status":"publish","type":"page","link":"https:\/\/greenandcraft.com\/index.php\/accompagnement\/","title":{"rendered":"Accompagnement"},"content":{"rendered":"\n<p>Nous accompagnons les territoires et les communaut\u00e9s  pour reconna\u00eetre et d\u00e9velopper leurs savoir-faire \u00e0 travers :<\/p>\n\n\n\n<p>L&rsquo; Inventaire du Patrimoine Culturel Immat\u00e9riel par la reconnaissance des communaut\u00e9s et de leurs pratiques culturelles et sociales. 25 \u00e9l\u00e9ments dont 19 savoir-faire du go\u00fbt du r\u00e9seau des <a href=\"https:\/\/www.sites-remarquables-du-gout.fr\/\">Sites Remarquables du Go\u00fbt<\/a> inclus \u00e0 l&rsquo;Inventaire national du patrimoine culturel immat\u00e9riel.<\/p>\n\n\n\n<p>L&rsquo;accompagnement au d\u00e9veloppement territorial et tourisme durable<\/p>\n\n\n\n<p>La formation et la d\u00e9couverte du patrimoine culturel mat\u00e9riel et immat\u00e9riel : paysages, architecture, artisanat, m\u00e9tiers d&rsquo;art en France et \u00e0 l&rsquo;International<\/p>\n\n\n\n<p><\/p>\n","protected":false},"excerpt":{"rendered":"<p>Nous accompagnons les territoires et les communaut\u00e9s pour reconna\u00eetre et d\u00e9velopper leurs savoir-faire \u00e0 travers : L&rsquo; Inventaire du Patrimoine Culturel Immat\u00e9riel par la reconnaissance des communaut\u00e9s et de leurs pratiques culturelles et sociales. 25 \u00e9l\u00e9ments dont 19 savoir-faire du go\u00fbt du r\u00e9seau des Sites Remarquables du Go\u00fbt inclus \u00e0 l&rsquo;Inventaire national du patrimoine culturel &hellip; <\/p>\n<p class=\"link-more\"><a href=\"https:\/\/greenandcraft.com\/index.php\/accompagnement\/\" class=\"more-link\">Continuer la lecture<span class=\"screen-reader-text\"> de &laquo;&nbsp;Accompagnement&nbsp;&raquo;<\/span><\/a><\/p>\n","protected":false},"author":1,"featured_media":0,"parent":0,"menu_order":0,"comment_status":"closed","ping_status":"closed","template":"","meta":{"footnotes":""},"class_list":["post-1850","page","type-page","status-publish","hentry"],"_links":{"self":[{"href":"https:\/\/greenandcraft.com\/index.php\/wp-json\/wp\/v2\/pages\/1850","targetHints":{"allow":["GET"]}}],"collection":[{"href":"https:\/\/greenandcraft.com\/index.php\/wp-json\/wp\/v2\/pages"}],"about":[{"href":"https:\/\/greenandcraft.com\/index.php\/wp-json\/wp\/v2\/types\/page"}],"author":[{"embeddable":true,"href":"https:\/\/greenandcraft.com\/index.php\/wp-json\/wp\/v2\/users\/1"}],"replies":[{"embeddable":true,"href":"https:\/\/greenandcraft.com\/index.php\/wp-json\/wp\/v2\/comments?post=1850"}],"version-history":[{"count":5,"href":"https:\/\/greenandcraft.com\/index.php\/wp-json\/wp\/v2\/pages\/1850\/revisions"}],"predecessor-version":[{"id":2043,"href":"https:\/\/greenandcraft.com\/index.php\/wp-json\/wp\/v2\/pages\/1850\/revisions\/2043"}],"wp:attachment":[{"href":"https:\/\/greenandcraft.com\/index.php\/wp-json\/wp\/v2\/media?parent=1850"}],"curies":[{"name":"wp","href":"https:\/\/api.w.org\/{rel}","templated":true}]}}