{"id":1851,"date":"2026-03-19T13:21:26","date_gmt":"2026-03-19T12:21:26","guid":{"rendered":"https:\/\/greenandcraft.com\/?page_id=1851"},"modified":"2026-03-23T14:35:54","modified_gmt":"2026-03-23T13:35:54","slug":"cooperation-internationale","status":"publish","type":"page","link":"https:\/\/greenandcraft.com\/index.php\/cooperation-internationale\/","title":{"rendered":"Coop\u00e9ration internationale"},"content":{"rendered":"\n<p>Nous menons des actions de coop\u00e9ration pour promouvoir le patrimoine culturel et le tourisme durable au niveau international \u00e0  travers :<\/p>\n\n\n\n<p>La Formation au patrimoine et tourisme durable. <a href=\"https:\/\/greenandcraft.com\/index.php\/2024\/09\/12\/developpement-et-mise-en-oeuvre-de-plans-de-formation-pour-le-secteur-du-patrimoine-culturel-en-algerie\/\">Programme de d\u00e9veloppement de la formation au patrimoine culturel en Alg\u00e9rie<\/a> ; <a href=\"https:\/\/greenandcraft.com\/index.php\/2024\/10\/11\/ecotourisme-et-mise-en-tourisme-du-patrimoine-oasien-et-bedouin-de-la-vallee-de-la-saoura-en-algerie\/\">formation \u00e0 l\u2019\u00e9cotourisme du programme <\/a>PAJE (programme d\u2019appui \u00e0 l\u2019emploi pour la jeunesse) ;<a href=\"https:\/\/greenandcraft.com\/index.php\/actualites\/\"> formation au tourisme durable <\/a>du programme Jil-Siyaha (formation des acteurs du tourisme en Alg\u00e9rie).<\/p>\n\n\n\n<p>La Communication internationale<\/p>\n\n\n\n<p>L&rsquo;Accueil de partenaires internationaux<\/p>\n","protected":false},"excerpt":{"rendered":"<p>Nous menons des actions de coop\u00e9ration pour promouvoir le patrimoine culturel et le tourisme durable au niveau international \u00e0 travers : La Formation au patrimoine et tourisme durable. Programme de d\u00e9veloppement de la formation au patrimoine culturel en Alg\u00e9rie ; formation \u00e0 l\u2019\u00e9cotourisme du programme PAJE (programme d\u2019appui \u00e0 l\u2019emploi pour la jeunesse) ; formation &hellip; <\/p>\n<p class=\"link-more\"><a href=\"https:\/\/greenandcraft.com\/index.php\/cooperation-internationale\/\" class=\"more-link\">Continuer la lecture<span class=\"screen-reader-text\"> de &laquo;&nbsp;Coop\u00e9ration internationale&nbsp;&raquo;<\/span><\/a><\/p>\n","protected":false},"author":1,"featured_media":0,"parent":0,"menu_order":0,"comment_status":"closed","ping_status":"closed","template":"","meta":{"footnotes":""},"class_list":["post-1851","page","type-page","status-publish","hentry"],"_links":{"self":[{"href":"https:\/\/greenandcraft.com\/index.php\/wp-json\/wp\/v2\/pages\/1851","targetHints":{"allow":["GET"]}}],"collection":[{"href":"https:\/\/greenandcraft.com\/index.php\/wp-json\/wp\/v2\/pages"}],"about":[{"href":"https:\/\/greenandcraft.com\/index.php\/wp-json\/wp\/v2\/types\/page"}],"author":[{"embeddable":true,"href":"https:\/\/greenandcraft.com\/index.php\/wp-json\/wp\/v2\/users\/1"}],"replies":[{"embeddable":true,"href":"https:\/\/greenandcraft.com\/index.php\/wp-json\/wp\/v2\/comments?post=1851"}],"version-history":[{"count":2,"href":"https:\/\/greenandcraft.com\/index.php\/wp-json\/wp\/v2\/pages\/1851\/revisions"}],"predecessor-version":[{"id":2044,"href":"https:\/\/greenandcraft.com\/index.php\/wp-json\/wp\/v2\/pages\/1851\/revisions\/2044"}],"wp:attachment":[{"href":"https:\/\/greenandcraft.com\/index.php\/wp-json\/wp\/v2\/media?parent=1851"}],"curies":[{"name":"wp","href":"https:\/\/api.w.org\/{rel}","templated":true}]}}