{"id":1853,"date":"2026-03-19T13:26:00","date_gmt":"2026-03-19T12:26:00","guid":{"rendered":"https:\/\/greenandcraft.com\/?page_id=1853"},"modified":"2026-03-19T13:26:00","modified_gmt":"2026-03-19T12:26:00","slug":"recherche","status":"publish","type":"page","link":"https:\/\/greenandcraft.com\/index.php\/recherche\/","title":{"rendered":"Recherche"},"content":{"rendered":"\n<p>Nous participons \u00e0 des r\u00e9seaux associatifs et partageons nos connaissances pour enrichir la r\u00e9flexion sur le patrimoine culturel travers :<\/p>\n\n\n\n<p>Des \u00e9changes de bonnes pratiques \u00e0 l&rsquo;international via le Comit\u00e9 scientifique international Icomos <a href=\"https:\/\/icich.icomos.org\/\" target=\"_blank\" rel=\"noreferrer noopener\">ICICH<\/a> \u2013\u00a0Comit\u00e9 international sur le patrimoine culturel immat\u00e9riel pour le Patrimoine Culturel Immat\u00e9riel et de l\u2019Association <a href=\"https:\/\/intactilis-ich.weebly.com\/\">INTACTILIS-ICH<\/a><\/p>\n\n\n\n<p>Des publications, articles et rapports.<\/p>\n\n\n\n<p><\/p>\n","protected":false},"excerpt":{"rendered":"<p>Nous participons \u00e0 des r\u00e9seaux associatifs et partageons nos connaissances pour enrichir la r\u00e9flexion sur le patrimoine culturel travers : Des \u00e9changes de bonnes pratiques \u00e0 l&rsquo;international via le Comit\u00e9 scientifique international Icomos ICICH \u2013\u00a0Comit\u00e9 international sur le patrimoine culturel immat\u00e9riel pour le Patrimoine Culturel Immat\u00e9riel et de l\u2019Association INTACTILIS-ICH Des publications, articles et rapports.<\/p>\n","protected":false},"author":1,"featured_media":0,"parent":0,"menu_order":0,"comment_status":"closed","ping_status":"closed","template":"","meta":{"footnotes":""},"class_list":["post-1853","page","type-page","status-publish","hentry"],"_links":{"self":[{"href":"https:\/\/greenandcraft.com\/index.php\/wp-json\/wp\/v2\/pages\/1853","targetHints":{"allow":["GET"]}}],"collection":[{"href":"https:\/\/greenandcraft.com\/index.php\/wp-json\/wp\/v2\/pages"}],"about":[{"href":"https:\/\/greenandcraft.com\/index.php\/wp-json\/wp\/v2\/types\/page"}],"author":[{"embeddable":true,"href":"https:\/\/greenandcraft.com\/index.php\/wp-json\/wp\/v2\/users\/1"}],"replies":[{"embeddable":true,"href":"https:\/\/greenandcraft.com\/index.php\/wp-json\/wp\/v2\/comments?post=1853"}],"version-history":[{"count":3,"href":"https:\/\/greenandcraft.com\/index.php\/wp-json\/wp\/v2\/pages\/1853\/revisions"}],"predecessor-version":[{"id":1856,"href":"https:\/\/greenandcraft.com\/index.php\/wp-json\/wp\/v2\/pages\/1853\/revisions\/1856"}],"wp:attachment":[{"href":"https:\/\/greenandcraft.com\/index.php\/wp-json\/wp\/v2\/media?parent=1853"}],"curies":[{"name":"wp","href":"https:\/\/api.w.org\/{rel}","templated":true}]}}