{"id":1923,"date":"2026-03-22T16:46:55","date_gmt":"2026-03-22T15:46:55","guid":{"rendered":"https:\/\/greenandcraft.com\/?page_id=1923"},"modified":"2026-03-28T19:13:44","modified_gmt":"2026-03-28T18:13:44","slug":"accueil","status":"publish","type":"page","link":"https:\/\/greenandcraft.com\/","title":{"rendered":"Accueil"},"content":{"rendered":"\n<figure class=\"wp-block-image size-medium\"><a href=\"https:\/\/greenandcraft.com\/index.php\/actualites\/\"><img decoding=\"async\" width=\"300\" height=\"130\" src=\"https:\/\/greenandcraft.com\/wp-content\/uploads\/2026\/03\/greencraft_Sansfond_Web-300x130.png\" alt=\"\" class=\"wp-image-1927\" srcset=\"https:\/\/greenandcraft.com\/wp-content\/uploads\/2026\/03\/greencraft_Sansfond_Web-300x130.png 300w, https:\/\/greenandcraft.com\/wp-content\/uploads\/2026\/03\/greencraft_Sansfond_Web-768x332.png 768w, https:\/\/greenandcraft.com\/wp-content\/uploads\/2026\/03\/greencraft_Sansfond_Web.png 989w\" sizes=\"(max-width: 300px) 100vw, 300px\" \/><\/a><\/figure>\n\n\n\n<p class=\"has-text-align-left\"><\/p>\n\n\n\n<h2 class=\"wp-block-heading has-text-align-left has-black-color has-text-color has-link-color has-x-large-font-size wp-elements-446dedba55ca0def27499b656f12471e\">Valoriser les savoir-faire et le patrimoine culturel immat\u00e9riel<\/h2>\n\n\n\n<p><\/p>\n\n\n\n<p>Nous accompagnons les acteurs des territoires \u00e0 travers la recherche, la coop\u00e9ration internationale et la valorisation des savoir-faire.<\/p>\n\n\n\n<div class=\"wp-block-buttons is-layout-flex wp-block-buttons-is-layout-flex\">\n<div class=\"wp-block-button has-custom-width wp-block-button__width-75 is-style-outline is-style-outline--1\" id=\"https:\/\/greenandcraft.com\/index.php\/category\/projets\/\"><a class=\"wp-block-button__link has-white-color has-cyan-bluish-gray-background-color has-text-color has-background has-link-color has-medium-font-size has-text-align-left has-custom-font-size wp-element-button\" href=\"https:\/\/greenandcraft.com\/index.php\/category\/projets\/page\/2\/\" style=\"border-top-left-radius:0px;border-top-right-radius:0px;border-bottom-left-radius:0px;border-bottom-right-radius:0px\"><strong>D\u00e9couvr<\/strong>ez<strong> <\/strong><\/a><\/div>\n<\/div>\n\n\n\n<div class=\"wp-block-columns is-layout-flex wp-container-core-columns-is-layout-9d6595d7 wp-block-columns-is-layout-flex\">\n<div class=\"wp-block-column is-layout-flow wp-block-column-is-layout-flow\" style=\"flex-basis:25%\"><\/div>\n\n\n\n<div class=\"wp-block-column is-layout-flow wp-block-column-is-layout-flow\" style=\"flex-basis:50%\"><\/div>\n\n\n\n<div class=\"wp-block-column is-layout-flow wp-block-column-is-layout-flow\" style=\"flex-basis:25%\"><\/div>\n<\/div>\n\n\n\n<div class=\"wp-block-columns is-layout-flex wp-container-core-columns-is-layout-9d6595d7 wp-block-columns-is-layout-flex\">\n<div class=\"wp-block-column is-layout-flow wp-block-column-is-layout-flow\">\n<h2 class=\"wp-block-heading has-medium-font-size\">         Accompagnement<\/h2>\n\n\n\n<p><br>Accompagnement des acteurs du patrimoine et des territoires<\/p>\n\n\n\n<div class=\"wp-block-buttons has-custom-font-size has-medium-font-size is-layout-flex wp-block-buttons-is-layout-flex\">\n<div class=\"wp-block-button\"><a class=\"wp-block-button__link has-black-color has-white-background-color has-text-color has-background has-link-color wp-element-button\" href=\"https:\/\/greenandcraft.com\/index.php\/accompagnement\/\">+<\/a><\/div>\n<\/div>\n<\/div>\n\n\n\n<div class=\"wp-block-column is-layout-flow wp-block-column-is-layout-flow\">\n<h2 class=\"wp-block-heading has-medium-font-size\">Coop\u00e9ration internationale<\/h2>\n\n\n\n<p><br>Actions de coop\u00e9ration et projets \u00e0 l\u2019international                                                                                                                                                         <\/p>\n\n\n\n<div class=\"wp-block-buttons is-layout-flex wp-block-buttons-is-layout-flex\">\n<div class=\"wp-block-button\"><a class=\"wp-block-button__link has-black-color has-white-background-color has-text-color has-background has-link-color has-medium-font-size has-custom-font-size wp-element-button\" href=\"https:\/\/greenandcraft.com\/index.php\/cooperation-internationale\/\">+<\/a><\/div>\n<\/div>\n<\/div>\n\n\n\n<div class=\"wp-block-column is-layout-flow wp-block-column-is-layout-flow\">\n<h2 class=\"wp-block-heading has-medium-font-size\">                             Recherche<\/h2>\n\n\n\n<p><br>Participation \u00e0 des r\u00e9seaux, publications et \u00e9changes<\/p>\n\n\n\n<p><\/p>\n\n\n\n<div class=\"wp-block-buttons is-layout-flex wp-block-buttons-is-layout-flex\">\n<div class=\"wp-block-button\"><a class=\"wp-block-button__link has-black-color has-white-background-color has-text-color has-background has-link-color has-medium-font-size has-custom-font-size wp-element-button\" href=\"https:\/\/greenandcraft.com\/index.php\/recherche\/\">+<\/a><\/div>\n<\/div>\n<\/div>\n<\/div>\n\n\n\n<h2 class=\"wp-block-heading\">Articles r\u00e9cents<\/h2>\n\n\n<ul class=\"wp-block-latest-posts__list wp-block-latest-posts\"><li><a class=\"wp-block-latest-posts__post-title\" href=\"https:\/\/greenandcraft.com\/index.php\/2026\/03\/23\/les-pratiques-sociales-et-culturelles-dans-les-bistrots-et-cafes-en-france\/\">Les pratiques sociales et culturelles dans les Bistrots et Caf\u00e9s en France<\/a><div class=\"wp-block-latest-posts__post-excerpt\">Inventaire National du Patrimoine Culturel Immat\u00e9riel \/ PCI LAB Ouverts \u00e0 tous, accueillants, empreints de chaleur humaine, les caf\u00e9s et bistrots en France font partie de notre histoire collective, demeurant des lieux essentiels pour les membres de la communaut\u00e9. Intimement li\u00e9s \u00e0 la vie locale, ces lieux populaires r\u00e9v\u00e8lent des sociabilit\u00e9s propres \u00e0 l\u2019histoire fran\u00e7aise. &hellip; <p class=\"link-more\"><a href=\"https:\/\/greenandcraft.com\/index.php\/2026\/03\/23\/les-pratiques-sociales-et-culturelles-dans-les-bistrots-et-cafes-en-france\/\" class=\"more-link\">Continuer la lecture<span class=\"screen-reader-text\"> de &laquo;&nbsp;Les pratiques sociales et culturelles dans les Bistrots et Caf\u00e9s en France&nbsp;&raquo;<\/span><\/a><\/p><\/div><\/li>\n<li><a class=\"wp-block-latest-posts__post-title\" href=\"https:\/\/greenandcraft.com\/index.php\/2026\/03\/22\/festival-de-gruczno-en-pologne\/\">Participation au Festival de Gruczno en Pologne<\/a><div class=\"wp-block-latest-posts__post-excerpt\">Gruczno, village du centre nord de la Pologne en Pom\u00e9ranie poss\u00e8de une large diversit\u00e9 de pratiques du patrimoine culturel immat\u00e9riel. Le mus\u00e9e de Gruczno en partenariat avec l&rsquo;Universit\u00e9 Copernicus de Torun, a c\u00e9l\u00e9br\u00e9 en mai 2025, le patrimoine culturel immat\u00e9riel local \u00e0 travers son festival annuel. Se sont succ\u00e9d\u00e9s des visites, workshops et spectacles avec &hellip; <p class=\"link-more\"><a href=\"https:\/\/greenandcraft.com\/index.php\/2026\/03\/22\/festival-de-gruczno-en-pologne\/\" class=\"more-link\">Continuer la lecture<span class=\"screen-reader-text\"> de &laquo;&nbsp;Participation au Festival de Gruczno en Pologne&nbsp;&raquo;<\/span><\/a><\/p><\/div><\/li>\n<li><a class=\"wp-block-latest-posts__post-title\" href=\"https:\/\/greenandcraft.com\/index.php\/2026\/03\/22\/les-connaissances-et-savoir-faire-des-liqueurs-en-france\/\">Les connaissances et savoir-faire des liqueurs en France<\/a><div class=\"wp-block-latest-posts__post-excerpt\">Si l\u2019\u00e9laboration des liqueurs nous renvoie \u00e0 l&rsquo;univers des monast\u00e8res et des apothicaires, \u00e0 celui des plantes de montagne et de bord de mer, des fruits des vergers et des \u00e9pices des pays lointains, elle nous \u00e9voque \u00e9galement des moments de partage familiaux et amicaux autour de ces boissons coutumi\u00e8res. Les moines et les villageois &hellip; <p class=\"link-more\"><a href=\"https:\/\/greenandcraft.com\/index.php\/2026\/03\/22\/les-connaissances-et-savoir-faire-des-liqueurs-en-france\/\" class=\"more-link\">Continuer la lecture<span class=\"screen-reader-text\"> de &laquo;&nbsp;Les connaissances et savoir-faire des liqueurs en France&nbsp;&raquo;<\/span><\/a><\/p><\/div><\/li>\n<li><a class=\"wp-block-latest-posts__post-title\" href=\"https:\/\/greenandcraft.com\/index.php\/2026\/03\/22\/formation-au-tourisme-durable\/\">Formation au tourisme durable<\/a><div class=\"wp-block-latest-posts__post-excerpt\">Le programme se d\u00e9roule dans le cadre du programme de coop\u00e9ration Jil Siyaha d\u00e9di\u00e9 \u00e0 la formation des acteurs du tourisme en Alg\u00e9rie. Il vise \u00e0 pr\u00e9parer les participants \u00e0 se former activement au d\u00e9veloppement d&rsquo;un tourisme responsable et inclusif, tout en valorisant le patrimoine naturel et culturel. La formation couvre les diff\u00e9rents aspects du &hellip; <p class=\"link-more\"><a href=\"https:\/\/greenandcraft.com\/index.php\/2026\/03\/22\/formation-au-tourisme-durable\/\" class=\"more-link\">Continuer la lecture<span class=\"screen-reader-text\"> de &laquo;&nbsp;Formation au tourisme durable&nbsp;&raquo;<\/span><\/a><\/p><\/div><\/li>\n<li><a class=\"wp-block-latest-posts__post-title\" href=\"https:\/\/greenandcraft.com\/index.php\/2026\/03\/22\/visite-des-sites-archeologiques-de-tipaza-et-cherchell\/\">Visite p\u00e9dagogique des sites arch\u00e9ologiques de Tipaza et Cherchell<\/a><div class=\"wp-block-latest-posts__post-excerpt\">La visite organis\u00e9e en juin 2025 s\u2019est d\u00e9roul\u00e9e dans le cadre du programme de formation des acteurs du tourisme en Alg\u00e9rie, Jil-Siyaha. Tipaza et Cherchell sont des villes c\u00f4ti\u00e8res \u00e0 l\u2019Ouest d\u2019Alger r\u00e9put\u00e9es pour leurs sites arch\u00e9ologiques. Accompagn\u00e9s par un guide local, les enseignants de l\u2019\u00c9cole Nationale de l\u2019H\u00f4tellerie et du Tourisme d\u2019Alger et de &hellip; <p class=\"link-more\"><a href=\"https:\/\/greenandcraft.com\/index.php\/2026\/03\/22\/visite-des-sites-archeologiques-de-tipaza-et-cherchell\/\" class=\"more-link\">Continuer la lecture<span class=\"screen-reader-text\"> de &laquo;&nbsp;Visite p\u00e9dagogique des sites arch\u00e9ologiques de Tipaza et Cherchell&nbsp;&raquo;<\/span><\/a><\/p><\/div><\/li>\n<\/ul>\n\n\n<h2 class=\"wp-block-heading\">Quelques actions<\/h2>\n\n\n\n<div class=\"wp-block-columns is-layout-flex wp-container-core-columns-is-layout-9d6595d7 wp-block-columns-is-layout-flex\">\n<div class=\"wp-block-column is-layout-flow wp-block-column-is-layout-flow\">\n<div class=\"wp-block-media-text is-stacked-on-mobile\"><figure class=\"wp-block-media-text__media\"><img fetchpriority=\"high\" decoding=\"async\" width=\"768\" height=\"576\" src=\"https:\/\/greenandcraft.com\/wp-content\/uploads\/2024\/04\/P1110825-768x576-1.jpg\" alt=\"\" class=\"wp-image-1146 size-full\" srcset=\"https:\/\/greenandcraft.com\/wp-content\/uploads\/2024\/04\/P1110825-768x576-1.jpg 768w, https:\/\/greenandcraft.com\/wp-content\/uploads\/2024\/04\/P1110825-768x576-1-300x225.jpg 300w\" sizes=\"(max-width: 767px) 89vw, (max-width: 1000px) 54vw, (max-width: 1071px) 543px, 580px\" \/><\/figure><div class=\"wp-block-media-text__content\">\n<p>La culture et la transformation des olives dans le <a href=\"https:\/\/greenandcraft.com\/wp-admin\/post.php?post=1301&amp;action=edit\" data-type=\"link\" data-id=\"https:\/\/greenandcraft.com\/wp-admin\/post.php?post=1301&amp;action=edit\">pays de N\u00eemes incluse \u00e0 l&rsquo;Inventaire national du patrimoine culturel immat\u00e9riel 2020<\/a><\/p>\n<\/div><\/div>\n<\/div>\n\n\n\n<div class=\"wp-block-column is-layout-flow wp-block-column-is-layout-flow\">\n<div class=\"wp-block-media-text is-stacked-on-mobile\"><figure class=\"wp-block-media-text__media\"><img decoding=\"async\" width=\"480\" height=\"640\" src=\"https:\/\/greenandcraft.com\/wp-content\/uploads\/2024\/10\/IMG_6015-rotated.jpg\" alt=\"\" class=\"wp-image-1389 size-full\" srcset=\"https:\/\/greenandcraft.com\/wp-content\/uploads\/2024\/10\/IMG_6015-rotated.jpg 480w, https:\/\/greenandcraft.com\/wp-content\/uploads\/2024\/10\/IMG_6015-225x300.jpg 225w\" sizes=\"(max-width: 480px) 100vw, 480px\" \/><\/figure><div class=\"wp-block-media-text__content\">\n<p><a href=\"https:\/\/greenandcraft.com\/index.php\/2024\/10\/11\/ecotourisme-et-mise-en-tourisme-du-patrimoine-oasien-et-bedouin-de-la-vallee-de-la-saoura-en-algerie\/\" data-type=\"link\" data-id=\"https:\/\/greenandcraft.com\/index.php\/2024\/10\/11\/ecotourisme-et-mise-en-tourisme-du-patrimoine-oasien-et-bedouin-de-la-vallee-de-la-saoura-en-algerie\/\">Formation \u00e0 l&rsquo;\u00e9cotourisme dans le cadre du programme PAJE (Programme d&rsquo;appui \u00e0 l&#8217;emploi des jeunes) en Alg\u00e9rie<\/a><\/p>\n<\/div><\/div>\n<\/div>\n<\/div>\n\n\n\n<div class=\"wp-block-columns is-layout-flex wp-container-core-columns-is-layout-9d6595d7 wp-block-columns-is-layout-flex\">\n<div class=\"wp-block-column is-layout-flow wp-block-column-is-layout-flow\">\n<div class=\"wp-block-media-text is-stacked-on-mobile\"><figure class=\"wp-block-media-text__media\"><img loading=\"lazy\" decoding=\"async\" width=\"1024\" height=\"768\" src=\"https:\/\/greenandcraft.com\/wp-content\/uploads\/2024\/10\/P1090859-1024x768.jpg\" alt=\"\" class=\"wp-image-1188 size-full\" srcset=\"https:\/\/greenandcraft.com\/wp-content\/uploads\/2024\/10\/P1090859-1024x768.jpg 1024w, https:\/\/greenandcraft.com\/wp-content\/uploads\/2024\/10\/P1090859-300x225.jpg 300w, https:\/\/greenandcraft.com\/wp-content\/uploads\/2024\/10\/P1090859-768x576.jpg 768w, https:\/\/greenandcraft.com\/wp-content\/uploads\/2024\/10\/P1090859-1536x1152.jpg 1536w, https:\/\/greenandcraft.com\/wp-content\/uploads\/2024\/10\/P1090859-2048x1536.jpg 2048w\" sizes=\"(max-width: 767px) 89vw, (max-width: 1000px) 54vw, (max-width: 1071px) 543px, 580px\" \/><\/figure><div class=\"wp-block-media-text__content\">\n<p>La p\u00eache \u00e0 la sardine de Saint-Gilles-Croix-de-Vi<a href=\"https:\/\/greenandcraft.com\/index.php\/2024\/10\/10\/la-peche-a-la-sardine-de-saint-gilles-croix-de-vie\/\" data-type=\"link\" data-id=\"https:\/\/greenandcraft.com\/index.php\/2024\/10\/10\/la-peche-a-la-sardine-de-saint-gilles-croix-de-vie\/\">e incluse \u00e0 l&rsquo;Inventaire national du patrimoine culturel immat\u00e9riel 2019<\/a><\/p>\n<\/div><\/div>\n<\/div>\n\n\n\n<div class=\"wp-block-column is-layout-flow wp-block-column-is-layout-flow\">\n<div class=\"wp-block-media-text is-stacked-on-mobile\"><figure class=\"wp-block-media-text__media\"><img loading=\"lazy\" decoding=\"async\" width=\"640\" height=\"480\" src=\"https:\/\/greenandcraft.com\/wp-content\/uploads\/2024\/04\/IMG_6980.jpg\" alt=\"\" class=\"wp-image-1151 size-full\" srcset=\"https:\/\/greenandcraft.com\/wp-content\/uploads\/2024\/04\/IMG_6980.jpg 640w, https:\/\/greenandcraft.com\/wp-content\/uploads\/2024\/04\/IMG_6980-300x225.jpg 300w\" sizes=\"(max-width: 640px) 100vw, 640px\" \/><\/figure><div class=\"wp-block-media-text__content\">\n<p><a href=\"https:\/\/greenandcraft.com\/index.php\/2024\/10\/12\/les-savoir-faire-du-chanvre-textile\/\" data-type=\"link\" data-id=\"https:\/\/greenandcraft.com\/index.php\/2024\/10\/12\/les-savoir-faire-du-chanvre-textile\/\">Les savoir-faire du chanvre textile inclus \u00e0 l&rsquo;Inventaire national du patrimoine culturel immat\u00e9riel 2021<\/a><\/p>\n<\/div><\/div>\n<\/div>\n<\/div>\n\n\n\n<p><\/p>\n","protected":false},"excerpt":{"rendered":"<p>Valoriser les savoir-faire et le patrimoine culturel immat\u00e9riel Nous accompagnons les acteurs des territoires \u00e0 travers la recherche, la coop\u00e9ration internationale et la valorisation des savoir-faire. Accompagnement Accompagnement des acteurs du patrimoine et des territoires Coop\u00e9ration internationale Actions de coop\u00e9ration et projets \u00e0 l\u2019international Recherche Participation \u00e0 des r\u00e9seaux, publications et \u00e9changes Articles r\u00e9cents Quelques &hellip; <\/p>\n<p class=\"link-more\"><a href=\"https:\/\/greenandcraft.com\/\" class=\"more-link\">Continuer la lecture<span class=\"screen-reader-text\"> de &laquo;&nbsp;Accueil&nbsp;&raquo;<\/span><\/a><\/p>\n","protected":false},"author":1,"featured_media":0,"parent":0,"menu_order":0,"comment_status":"closed","ping_status":"closed","template":"","meta":{"footnotes":""},"class_list":["post-1923","page","type-page","status-publish","hentry"],"_links":{"self":[{"href":"https:\/\/greenandcraft.com\/index.php\/wp-json\/wp\/v2\/pages\/1923","targetHints":{"allow":["GET"]}}],"collection":[{"href":"https:\/\/greenandcraft.com\/index.php\/wp-json\/wp\/v2\/pages"}],"about":[{"href":"https:\/\/greenandcraft.com\/index.php\/wp-json\/wp\/v2\/types\/page"}],"author":[{"embeddable":true,"href":"https:\/\/greenandcraft.com\/index.php\/wp-json\/wp\/v2\/users\/1"}],"replies":[{"embeddable":true,"href":"https:\/\/greenandcraft.com\/index.php\/wp-json\/wp\/v2\/comments?post=1923"}],"version-history":[{"count":67,"href":"https:\/\/greenandcraft.com\/index.php\/wp-json\/wp\/v2\/pages\/1923\/revisions"}],"predecessor-version":[{"id":2062,"href":"https:\/\/greenandcraft.com\/index.php\/wp-json\/wp\/v2\/pages\/1923\/revisions\/2062"}],"wp:attachment":[{"href":"https:\/\/greenandcraft.com\/index.php\/wp-json\/wp\/v2\/media?parent=1923"}],"curies":[{"name":"wp","href":"https:\/\/api.w.org\/{rel}","templated":true}]}}