{"id":292,"date":"2015-05-23T13:01:50","date_gmt":"2015-05-23T12:01:50","guid":{"rendered":"http:\/\/www.greenandcraft.com\/?page_id=292"},"modified":"2026-03-22T14:50:10","modified_gmt":"2026-03-22T13:50:10","slug":"les-savoir-faire-de-lartisanat","status":"publish","type":"page","link":"https:\/\/greenandcraft.com\/index.php\/les-savoir-faire-de-lartisanat\/","title":{"rendered":"Les savoir-faire du patrimoine culturel immat\u00e9riel"},"content":{"rendered":"\n<p><strong>Qu&rsquo;est-ce que le patrimoine culturel immat\u00e9riel ?<\/strong><\/p>\n\n\n\n<p><strong>La Convention de l&rsquo;Unesco de sauvegarde du patrimoine culturel immat\u00e9riel le d\u00e9finit comme suit dans son article 2 :<\/strong><\/p>\n\n\n\n<p>\u00ab\u00a0Aux fins de la pr\u00e9sente Convention,<br>1. On entend par \u201cpatrimoine culturel immat\u00e9riel\u201d les pratiques, repr\u00e9sentations, expressions, connaissances et savoir-faire &#8211; ainsi que les instruments, objets, artefacts et espaces culturels qui leur sont associ\u00e9s &#8211; que les communaut\u00e9s, les groupes et, le cas \u00e9ch\u00e9ant, les individus reconnaissent comme faisant partie de leur patrimoine culturel. Ce patrimoine culturel immat\u00e9riel, transmis de g\u00e9n\u00e9ration en g\u00e9n\u00e9ration, est recr\u00e9\u00e9 en permanence par les communaut\u00e9s et groupes en fonction de leur milieu, de leur interaction avec la nature et de leur histoire, et leur procure un sentiment d\u2019identit\u00e9 et de continuit\u00e9, contribuant ainsi \u00e0 promouvoir le respect de la diversit\u00e9 culturelle et la cr\u00e9ativit\u00e9 humaine. Aux fins de la pr\u00e9sente Convention, seul sera pris en consid\u00e9ration le patrimoine culturel immat\u00e9riel conforme aux instruments internationaux existants relatifs aux droits de l\u2019homme, ainsi qu\u2019\u00e0 l\u2019exigence du respect mutuel entre communaut\u00e9s, groupes et individus, et d\u2019un d\u00e9veloppement durable.<\/p>\n\n\n\n<p>2. Le \u201cpatrimoine culturel immat\u00e9riel\u201d, tel qu\u2019il est d\u00e9fini au paragraphe 1 ci-dessus, se manifeste notamment dans les domaines suivants\u00a0:<br>(a) les traditions et expressions orales, y compris la langue comme vecteur du patrimoine culturel immat\u00e9riel\u00a0;<br>(b) les arts du spectacle\u00a0;<br>(c) les pratiques sociales, rituels et \u00e9v\u00e9nements festifs\u00a0;<br>(d) les connaissances et pratiques concernant la nature et l\u2019univers\u00a0;<br>(e) les savoir-faire li\u00e9s \u00e0 l\u2019artisanat traditionnel.\u00a0\u00bb<\/p>\n\n\n\n<p><strong>Parmi les savoir-faire li\u00e9s \u00e0 l\u2019artisanat traditionnel, Greenandcraft s&rsquo;attache \u00e0 valoriser :<\/strong><\/p>\n\n\n\n<p><strong>Les savoir-faire du go\u00fbt<\/strong><\/p>\n\n\n\n<p>Savoir-faire de la mer et des \u00e9tangs &gt; poisson<\/p>\n\n\n\n<p>Savoir-faire de la mer et des \u00e9tangs &gt; fruit de mer<\/p>\n\n\n\n<p>Savoir-faire de la terre d&rsquo;origine animale &gt; viande<\/p>\n\n\n\n<p>Savoir-faire de la terre d&rsquo;origine animale &gt; fromage<\/p>\n\n\n\n<p>Savoir-faire de la terre d&rsquo;origine v\u00e9g\u00e9tale &gt; l\u00e9gume<\/p>\n\n\n\n<p>Savoir-faire de la terre d&rsquo;origine v\u00e9g\u00e9tale &gt; fruit<\/p>\n\n\n\n<p>Savoir-faire de la terre d&rsquo;origine v\u00e9g\u00e9tale &gt; boisson<\/p>\n\n\n\n<h4 class=\"wp-block-heading\">Les savoir-faire artisanaux li\u00e9s \u00e0 l\u2019am\u00e9nagement int\u00e9rieur<\/h4>\n\n\n\n<h4 class=\"wp-block-heading\"><strong>D\u00e9coration<\/strong><\/h4>\n\n\n\n<p>Fabrication de d\u00e9cors, r\u00e9alisation de mosa\u00efque, r\u00e9alisation de peinture en d\u00e9cor, r\u00e9alisation de staff et stuc.<\/p>\n\n\n\n<p><strong>&nbsp;Travail du bois&nbsp;<\/strong><\/p>\n\n\n\n<p>R\u00e9alisation de dorure, laque, peinture sur bois, \u00e9b\u00e9nisterie, restauration de meubles, menuiserie en si\u00e8ges, marqueterie, marqueterie de paille, fabricant de pipes, fabrication d\u2019objets en rotin, sculpture statuaire, tournage sur bois, fabrication de vannerie en rotin, saule, r\u00e9alisation de vernis.<\/p>\n\n\n\n<p><strong>Travail du cuir<\/strong><\/p>\n\n\n\n<p>R\u00e9alisation de gainage, de sellerie, de maroquinerie, tannerie.<\/p>\n\n\n\n<p><strong>&nbsp;Travail du m\u00e9tal<\/strong><\/p>\n\n\n\n<p>Fabrication et restauration de lustres et luminaires, fabrication d\u2019ouvrages et mobilier en m\u00e9tal, fabrication d\u2019objets en bronze, r\u00e9alisation de dorure, argenture, \u00e9mail, r\u00e9alisation de gravure, dinanderie, ferronnerie, fonderie, sculpture statuaire.<\/p>\n\n\n\n<p><strong>&nbsp;Travail de la pierre&nbsp;<\/strong><\/p>\n\n\n\n<p>Fabrication de fontaines, r\u00e9alisation de gravure sur pierre, taille de marbre, r\u00e9alisation de marqueterie de pierres dures, de sculpture statuaire, taille de pierre, tournage sur pierre.<\/p>\n\n\n\n<p><strong>Travail de la terre<\/strong><\/p>\n\n\n\n<p>Fabrication de c\u00e9ramique et d&rsquo;\u00e9mail sur c\u00e9ramique,&nbsp; poterie de gr\u00e8s, de porcelaine, de terre cuite, de raku,&nbsp; fabrication de santons.<\/p>\n\n\n\n<p><strong>&nbsp;Travail du textile&nbsp;<\/strong><\/p>\n\n\n\n<p>Ennoblissement textile, fabrication et restauration de tapis et tapisseries, r\u00e9alisation de passementerie, de peinture d\u00e9corative sur tissu, restauration de textiles, r\u00e9alisation de tapisserie d\u2019ameublement, r\u00e9alisation de tissage, en laine, lin, chanvre, coton, soie, filage, cardage, tricotage, fabrication de feutre, fabrication de velours, r\u00e9alisation de teinture.<\/p>\n\n\n\n<p><strong>&nbsp;Verre<\/strong><\/p>\n\n\n\n<p>Fabrication et restauration de vitraux, fabrication d&rsquo;\u00e9mail sur verre, fabrication de miroirs et d\u00e9coupe de verres plats, restauration d&rsquo;objets en verre, gravure, taille et filage de verre, fabrication de flacons en verre, fabrication de verre \u00e0 la main ou au chalumeau.<\/p>\n\n\n\n<h4 class=\"wp-block-heading\">&nbsp;Les savoir-faire artisanaux li\u00e9s \u00e0 l\u2019architecture et au paysage<\/h4>\n\n\n\n<p><strong>Ma\u00e7onnerie<\/strong><\/p>\n\n\n\n<p>Construction en ma\u00e7onnerie traditionnelle&nbsp;: torchis, tuileaux, terre crue, \u00e2tres,constructeur en pierre s\u00e8che, taille de pierre, construction en paille, r\u00e9alisation d\u2019isolation en chanvre et laine.<\/p>\n\n\n\n<p><strong>&nbsp;Toiture<\/strong><\/p>\n\n\n\n<p>Fabrication et restauration de toitures sp\u00e9ciales en ardoises, chaume, lauze,fabrication de bardeaux de bois, fabrication de girouettes et d\u2019\u00e9l\u00e9ments de fa\u00eetage, fabrication et restauration de charpentes, fabrication de briques et tuiles, r\u00e9alisation d\u2019isolation en chanvre et laine.<\/p>\n\n\n\n<p><strong>&nbsp;Pavage &#8211; Dallage<\/strong><\/p>\n\n\n\n<p>Fabrication et restauration de dallages, de carreaux de terre cuite, taille de pierre, de marbre.<\/p>\n\n\n\n<p><strong>&nbsp;Enduits<\/strong><\/p>\n\n\n\n<p>Fabrication de chaux, r\u00e9alisation d\u2019enduits naturels<\/p>\n\n\n\n<p><strong>&nbsp;Menuiserie<\/strong><\/p>\n\n\n\n<p>Menuiserie en bois de mobilier, menuiserie serrurerie, fabrication de parquet.<\/p>\n\n\n\n<p><strong>&nbsp;Am\u00e9nagement paysager<\/strong><\/p>\n\n\n\n<p>Fabrication d\u2019objets et ouvrages en saule, plessis, fabrication d\u2019ouvrages en pierre et pierre s\u00e8che, fabrication de gabions.<\/p>\n\n\n\n<p><\/p>\n","protected":false},"excerpt":{"rendered":"<p>Qu&rsquo;est-ce que le patrimoine culturel immat\u00e9riel ? La Convention de l&rsquo;Unesco de sauvegarde du patrimoine culturel immat\u00e9riel le d\u00e9finit comme suit dans son article 2 : \u00ab\u00a0Aux fins de la pr\u00e9sente Convention,1. On entend par \u201cpatrimoine culturel immat\u00e9riel\u201d les pratiques, repr\u00e9sentations, expressions, connaissances et savoir-faire &#8211; ainsi que les instruments, objets, artefacts et espaces culturels &hellip; <\/p>\n<p class=\"link-more\"><a href=\"https:\/\/greenandcraft.com\/index.php\/les-savoir-faire-de-lartisanat\/\" class=\"more-link\">Continuer la lecture<span class=\"screen-reader-text\"> de &laquo;&nbsp;Les savoir-faire du patrimoine culturel immat\u00e9riel&nbsp;&raquo;<\/span><\/a><\/p>\n","protected":false},"author":2,"featured_media":1150,"parent":0,"menu_order":0,"comment_status":"open","ping_status":"open","template":"","meta":{"footnotes":""},"class_list":["post-292","page","type-page","status-publish","has-post-thumbnail","hentry"],"_links":{"self":[{"href":"https:\/\/greenandcraft.com\/index.php\/wp-json\/wp\/v2\/pages\/292","targetHints":{"allow":["GET"]}}],"collection":[{"href":"https:\/\/greenandcraft.com\/index.php\/wp-json\/wp\/v2\/pages"}],"about":[{"href":"https:\/\/greenandcraft.com\/index.php\/wp-json\/wp\/v2\/types\/page"}],"author":[{"embeddable":true,"href":"https:\/\/greenandcraft.com\/index.php\/wp-json\/wp\/v2\/users\/2"}],"replies":[{"embeddable":true,"href":"https:\/\/greenandcraft.com\/index.php\/wp-json\/wp\/v2\/comments?post=292"}],"version-history":[{"count":9,"href":"https:\/\/greenandcraft.com\/index.php\/wp-json\/wp\/v2\/pages\/292\/revisions"}],"predecessor-version":[{"id":1915,"href":"https:\/\/greenandcraft.com\/index.php\/wp-json\/wp\/v2\/pages\/292\/revisions\/1915"}],"wp:featuredmedia":[{"embeddable":true,"href":"https:\/\/greenandcraft.com\/index.php\/wp-json\/wp\/v2\/media\/1150"}],"wp:attachment":[{"href":"https:\/\/greenandcraft.com\/index.php\/wp-json\/wp\/v2\/media?parent=292"}],"curies":[{"name":"wp","href":"https:\/\/api.w.org\/{rel}","templated":true}]}}