{"id":517,"date":"2015-05-28T08:22:26","date_gmt":"2015-05-28T07:22:26","guid":{"rendered":"http:\/\/www.greenandcraft.com\/?page_id=517"},"modified":"2024-10-13T17:31:47","modified_gmt":"2024-10-13T15:31:47","slug":"amis","status":"publish","type":"page","link":"https:\/\/greenandcraft.com\/index.php\/amis\/","title":{"rendered":"Communaut\u00e9"},"content":{"rendered":"<p class=\"LC20lb MBeuO DKV0Md\"><a href=\"https:\/\/allianceflaxlinenhemp.eu\/fr\/\">Alliance for European Flax-Linen and Hemp<\/a><\/p>\n<p class=\"html-h1 xdj266r x11i5rnm xat24cr x1mh8g0r xexx8yu x4uap5 x18d9i69 xkhd6sd x1vvkbs x1heor9g x1qlqyl8 x1pd3egz x1a2a7pz\"><a href=\"https:\/\/linetchanvrebio.org\/\">Association Lin et Chanvre bio<\/a><\/p>\n<p><a href=\"https:\/\/www.bistrotdepays.com\">Bistrots de Pays<\/a><\/p>\n<p><a href=\"https:\/\/www.bistrotsetcafesdefrance.org\/\">Bistrots et Caf\u00e9s de France<\/a><\/p>\n<p><a href=\"http:\/\/cetelor.univ-lorraine.fr\/\">Cetelor<\/a><\/p>\n<p class=\"html-h1 xdj266r x11i5rnm xat24cr x1mh8g0r xexx8yu x4uap5 x18d9i69 xkhd6sd x1vvkbs x1heor9g x1qlqyl8 x1pd3egz x1a2a7pz\"><a href=\"https:\/\/www.facebook.com\/confreriestromain33240\/\">Confr\u00e9rie de Saint-Romain en Bordelais &amp; Pays Libournais<\/a><\/p>\n<p><a href=\"https:\/\/www.corderiepalus.fr\/\">Corderie Palus<\/a><\/p>\n<p><a href=\"https:\/\/www.efarmz.be\/fr?srsltid=AfmBOooxWvl8EUbyuW4JiK8tWmPLKeJhotyRZDSG9Md2GHBtMNgLTk65\">Efarmz<\/a><\/p>\n<p><a href=\"https:\/\/folkart.ee\/en\/about-us\/\">Estonian Folk and Craft Union<\/a><\/p>\n<p><a href=\"https:\/\/www.facebook.com\/groups\/680047093692880\/?_rdr\">FCRF (F\u00e9d\u00e9ration des Confr\u00e9ries des R\u00e9gions de France)<\/a><\/p>\n<p><a href=\"https:\/\/www.professionnels-pierre-seche.com\/\">FFPPS (F\u00e9d\u00e9ration Fran\u00e7aise des Professionnels de la Pierre S\u00e8che)<\/a><\/p>\n<p><a href=\"https:\/\/www.spiritueux.fr\/\">FFS (F\u00e9d\u00e9ration Fran\u00e7aise des Spiritueux)<\/a><\/p>\n<p><a href=\"https:\/\/www.sites-remarquables-du-gout.fr\/\">FNSRG (F\u00e9d\u00e9ration Nationale des Sites Remarquables du Go\u00fbt)<\/a><\/p>\n<p><a href=\"http:\/\/www.fondationcultureetdiversite.org\"><span style=\"color: #000000;\">\u00a0Festival Folk Art Budapest<\/span><\/a><\/p>\n<p><span style=\"color: #000000;\"><a style=\"color: #000000;\" href=\"http:\/\/www.fondationcultureetdiversite.org\/\">Fondation Culture et Diversit\u00e9<\/a><\/span><\/p>\n<p><span style=\"color: #000000;\"><a style=\"color: #000000;\" href=\"http:\/\/www.franciade.fr\/\">Franciade<\/a><\/span><\/p>\n<p><a href=\"http:\/\/hemp-act.com\/\">HEMP-ACT<\/a><\/p>\n<p><a href=\"https:\/\/icich.icomos.org\/\" target=\"_blank\" rel=\"noopener\">ICICH<\/a> \u2013\u00a0Comit\u00e9 international sur le patrimoine culturel immat\u00e9riel<\/p>\n<p><a href=\"https:\/\/www.icomos.org\/fr\"><span style=\"color: #000000;\">ICOMOS FRANCE<\/span><\/a><\/p>\n<p><a href=\"https:\/\/intactilis-ich.weebly.com\/\">INTACTILIS-ICH<\/a><\/p>\n<p><a href=\"https:\/\/interchanvre.org\/chanvre-industriel\">InterChanvre<\/a><\/p>\n<p><a href=\"https:\/\/www.culture.gouv.fr\/Thematiques\/patrimoine-culturel-immateriel\/Le-Patrimoine-culturel-immateriel\/l-inventaire-national-du-patrimoine-culturel-immateriel\">Minist\u00e8re de la Culture et de la Communication Inventaire National du Patrimoine Culturel Immat\u00e9riel<\/a><\/p>\n<p><a href=\"https:\/\/www.oliudicorsica.fr\/\">Oliu di Corsica<\/a><\/p>\n<p><a href=\"https:\/\/www.facebook.com\/Ortissage-1969713146690881\">Ortissage<\/a><\/p>\n<p><a href=\"https:\/\/www.pci-lab.fr\/\">PCI LAB<\/a><\/p>\n<p><a href=\"http:\/\/www.folkartandcraft.net\/members\/swedish-handicraft-society\">Sweden Handicraft Organization<\/a><\/p>\n<p><a href=\"https:\/\/www.terredelin.com\/HP\/HPInternet.aspx\">Terre de lin<\/a><\/p>\n<p><a href=\"https:\/\/www.taito.fi\/en\/\">The Finnish Crafts Organization &#8211; Taito-group<\/a><\/p>\n<p>Virgocoop<\/p>\n<p>&nbsp;<\/p>\n<p>&nbsp;<\/p>\n<p>&nbsp;<\/p>\n<p><span style=\"color: #000000;\"><em>\u00a0<\/em><\/span><\/p>\n<p>&nbsp;<\/p>\n","protected":false},"excerpt":{"rendered":"<p>Alliance for European Flax-Linen and Hemp Association Lin et Chanvre bio Bistrots de Pays Bistrots et Caf\u00e9s de France Cetelor Confr\u00e9rie de Saint-Romain en Bordelais &amp; Pays Libournais Corderie Palus Efarmz Estonian Folk and Craft Union FCRF (F\u00e9d\u00e9ration des Confr\u00e9ries des R\u00e9gions de France) FFPPS (F\u00e9d\u00e9ration Fran\u00e7aise des Professionnels de la Pierre S\u00e8che) FFS (F\u00e9d\u00e9ration &hellip; <\/p>\n<p class=\"link-more\"><a href=\"https:\/\/greenandcraft.com\/index.php\/amis\/\" class=\"more-link\">Continuer la lecture<span class=\"screen-reader-text\"> de &laquo;&nbsp;Communaut\u00e9&nbsp;&raquo;<\/span><\/a><\/p>\n","protected":false},"author":2,"featured_media":0,"parent":0,"menu_order":0,"comment_status":"closed","ping_status":"closed","template":"","meta":{"footnotes":""},"class_list":["post-517","page","type-page","status-publish","hentry"],"_links":{"self":[{"href":"https:\/\/greenandcraft.com\/index.php\/wp-json\/wp\/v2\/pages\/517","targetHints":{"allow":["GET"]}}],"collection":[{"href":"https:\/\/greenandcraft.com\/index.php\/wp-json\/wp\/v2\/pages"}],"about":[{"href":"https:\/\/greenandcraft.com\/index.php\/wp-json\/wp\/v2\/types\/page"}],"author":[{"embeddable":true,"href":"https:\/\/greenandcraft.com\/index.php\/wp-json\/wp\/v2\/users\/2"}],"replies":[{"embeddable":true,"href":"https:\/\/greenandcraft.com\/index.php\/wp-json\/wp\/v2\/comments?post=517"}],"version-history":[{"count":4,"href":"https:\/\/greenandcraft.com\/index.php\/wp-json\/wp\/v2\/pages\/517\/revisions"}],"predecessor-version":[{"id":1453,"href":"https:\/\/greenandcraft.com\/index.php\/wp-json\/wp\/v2\/pages\/517\/revisions\/1453"}],"wp:attachment":[{"href":"https:\/\/greenandcraft.com\/index.php\/wp-json\/wp\/v2\/media?parent=517"}],"curies":[{"name":"wp","href":"https:\/\/api.w.org\/{rel}","templated":true}]}}